{"id":824,"date":"2025-06-02T18:35:43","date_gmt":"2025-06-02T20:35:43","guid":{"rendered":"http:\/\/sbdobilas.eu\/?page_id=824"},"modified":"2025-06-12T14:25:11","modified_gmt":"2025-06-12T16:25:11","slug":"dokumentai","status":"publish","type":"page","link":"http:\/\/sbdobilas.eu\/?page_id=824","title":{"rendered":"Dokumentai"},"content":{"rendered":"\n<div class=\"wp-block-file\"><a href=\"http:\/\/sbdobilas.eu\/wp-content\/uploads\/2025\/06\/SB-Dobilas-vidaus-tik-tvarkos-taisykles-2025-05-17.pdf\"><strong>SB Dobilas vidaus tvarkos taisykles 2025-05<\/strong><\/a><a href=\"http:\/\/sbdobilas.eu\/wp-content\/uploads\/2025\/06\/SB-Dobilas-vidaus-tik-tvarkos-taisykles-2025-05-17.pdf\" class=\"wp-block-file__button\" download>Parsisi\u0173sti<\/a><\/div>\n\n\n\n<p class=\"has-drop-cap\"><\/p>\n\n\n\n<div class=\"wp-block-file\"><a href=\"http:\/\/sbdobilas.eu\/wp-content\/uploads\/2025\/05\/SB-Dobilas-2025-vaizdo-stebejimo-priedas-nr.2-v3-1.pdf\"><strong>SB Dobilas 2025 vaizdo stebejimo priedas nr.2-v3-1<\/strong><\/a><a href=\"http:\/\/sbdobilas.eu\/wp-content\/uploads\/2025\/05\/SB-Dobilas-2025-vaizdo-stebejimo-priedas-nr.2-v3-1.pdf\" class=\"wp-block-file__button\" download>Parsisi\u0173sti<\/a><\/div>\n\n\n\n<div class=\"wp-block-file\"><a href=\"http:\/\/sbdobilas.eu\/wp-content\/uploads\/2025\/06\/SB-Dobilas-2025-m.-pajamu-islaidu-samatos-priedas-Nr.-1.pdf\"><strong>SB Dobilas 2025m. pajam\u0173 i\u0161laid\u0173 s\u0105matos priedas nr.1<\/strong><\/a><a href=\"http:\/\/sbdobilas.eu\/wp-content\/uploads\/2025\/06\/SB-Dobilas-2025-m.-pajamu-islaidu-samatos-priedas-Nr.-1.pdf\" class=\"wp-block-file__button\" download>Parsisi\u0173sti<\/a><\/div>\n\n\n\n<div class=\"wp-block-file\"><a href=\"http:\/\/sbdobilas.eu\/wp-content\/uploads\/2025\/06\/SB-Dobilas-Bendrojo-naudojimo-objektu-aprasas-2025-05-17.pdf\"><strong>SB Dobilas Bendrojo naudojimo objekt\u0173 apra\u0161as 2025 05<\/strong><\/a><a href=\"http:\/\/sbdobilas.eu\/wp-content\/uploads\/2025\/06\/SB-Dobilas-Bendrojo-naudojimo-objektu-aprasas-2025-05-17.pdf\" class=\"wp-block-file__button\" download>Parsisi\u0173sti<\/a><\/div>\n\n\n\n<p><\/p>\n","protected":false},"excerpt":{"rendered":"","protected":false},"author":5,"featured_media":0,"parent":0,"menu_order":0,"comment_status":"closed","ping_status":"closed","template":"","meta":[],"_links":{"self":[{"href":"http:\/\/sbdobilas.eu\/index.php?rest_route=\/wp\/v2\/pages\/824"}],"collection":[{"href":"http:\/\/sbdobilas.eu\/index.php?rest_route=\/wp\/v2\/pages"}],"about":[{"href":"http:\/\/sbdobilas.eu\/index.php?rest_route=\/wp\/v2\/types\/page"}],"author":[{"embeddable":true,"href":"http:\/\/sbdobilas.eu\/index.php?rest_route=\/wp\/v2\/users\/5"}],"replies":[{"embeddable":true,"href":"http:\/\/sbdobilas.eu\/index.php?rest_route=%2Fwp%2Fv2%2Fcomments&post=824"}],"version-history":[{"count":9,"href":"http:\/\/sbdobilas.eu\/index.php?rest_route=\/wp\/v2\/pages\/824\/revisions"}],"predecessor-version":[{"id":866,"href":"http:\/\/sbdobilas.eu\/index.php?rest_route=\/wp\/v2\/pages\/824\/revisions\/866"}],"wp:attachment":[{"href":"http:\/\/sbdobilas.eu\/index.php?rest_route=%2Fwp%2Fv2%2Fmedia&parent=824"}],"curies":[{"name":"wp","href":"https:\/\/api.w.org\/{rel}","templated":true}]}}