{"id":71,"date":"2015-12-18T19:49:40","date_gmt":"2015-12-18T21:49:40","guid":{"rendered":"http:\/\/www.sbdobilas.eu\/?page_id=71"},"modified":"2024-12-08T11:25:58","modified_gmt":"2024-12-08T13:25:58","slug":"autobuso-tvarkarastis","status":"publish","type":"page","link":"http:\/\/sbdobilas.eu\/?page_id=71","title":{"rendered":"Autobuso tvarkara\u0161tis"},"content":{"rendered":"<p>\u017di\u016br\u0117ti:\u00a0<a href=\"https:\/\/www.vrap.lt\/nemencines-kryptis\/\">https:\/\/www.vrap.lt\/nemencines-kryptis\/<\/a><\/p>\n<p><strong><span style=\"color: #000000;\">\u00a0I\u0161vyksta i\u0161 SB \u201eDobilas\u201c\u012f Vilni\u0173<\/span>: \u017ei\u016br\u0117ti nuorod\u0105 vrap.lt<\/strong><\/p>\n<p><span style=\"color: #000000;\"><strong>I\u0161vyksta i\u0161 SB \u201eDobilas\u201c\u012f<\/strong> <strong>Nemen\u010din\u0119: \u017ei\u016br\u0117ti nuorod\u0105 vrap.lt<\/strong><\/span><\/p>\n<p><strong>I\u0161vyksta i\u0161 Antakalnio \u012f SB \u201eDobilas\u201c<\/strong> : <strong>\u017ei\u016br\u0117ti nuorod\u0105 vrap.lt<\/strong><\/p>\n<p><strong>D- darbo dienomis <\/strong><\/p>\n<p><strong>\u0160 -\u0161e\u0161tadieniais <\/strong><\/p>\n<p><strong>S- sekmadieniais<\/strong><\/p>\n","protected":false},"excerpt":{"rendered":"<p>\u017di\u016br\u0117ti:\u00a0https:\/\/www.vrap.lt\/nemencines-kryptis\/ \u00a0I\u0161vyksta i\u0161 SB \u201eDobilas\u201c\u012f Vilni\u0173: \u017ei\u016br\u0117ti nuorod\u0105 vrap.lt I\u0161vyksta i\u0161 SB \u201eDobilas\u201c\u012f Nemen\u010din\u0119: \u017ei\u016br\u0117ti nuorod\u0105 vrap.lt I\u0161vyksta i\u0161 Antakalnio \u012f SB \u201eDobilas\u201c : \u017ei\u016br\u0117ti nuorod\u0105 vrap.lt D- darbo dienomis \u0160 -\u0161e\u0161tadieniais S- sekmadieniais<\/p>\n","protected":false},"author":3,"featured_media":0,"parent":14,"menu_order":0,"comment_status":"closed","ping_status":"closed","template":"","meta":[],"_links":{"self":[{"href":"http:\/\/sbdobilas.eu\/index.php?rest_route=\/wp\/v2\/pages\/71"}],"collection":[{"href":"http:\/\/sbdobilas.eu\/index.php?rest_route=\/wp\/v2\/pages"}],"about":[{"href":"http:\/\/sbdobilas.eu\/index.php?rest_route=\/wp\/v2\/types\/page"}],"author":[{"embeddable":true,"href":"http:\/\/sbdobilas.eu\/index.php?rest_route=\/wp\/v2\/users\/3"}],"replies":[{"embeddable":true,"href":"http:\/\/sbdobilas.eu\/index.php?rest_route=%2Fwp%2Fv2%2Fcomments&post=71"}],"version-history":[{"count":7,"href":"http:\/\/sbdobilas.eu\/index.php?rest_route=\/wp\/v2\/pages\/71\/revisions"}],"predecessor-version":[{"id":769,"href":"http:\/\/sbdobilas.eu\/index.php?rest_route=\/wp\/v2\/pages\/71\/revisions\/769"}],"up":[{"embeddable":true,"href":"http:\/\/sbdobilas.eu\/index.php?rest_route=\/wp\/v2\/pages\/14"}],"wp:attachment":[{"href":"http:\/\/sbdobilas.eu\/index.php?rest_route=%2Fwp%2Fv2%2Fmedia&parent=71"}],"curies":[{"name":"wp","href":"https:\/\/api.w.org\/{rel}","templated":true}]}}