{"id":7,"date":"2015-12-12T19:13:53","date_gmt":"2015-12-12T21:13:53","guid":{"rendered":"http:\/\/www.sbdobilas.eu\/?page_id=7"},"modified":"2025-12-02T04:15:15","modified_gmt":"2025-12-02T06:15:15","slug":"apie-sodu-bendrija","status":"publish","type":"page","link":"http:\/\/sbdobilas.eu\/?page_id=7","title":{"rendered":"Apie sod\u0173 bendrij\u0105"},"content":{"rendered":"<h3>Pagrindin\u0117s \u017einios apie SB:<\/h3>\n<p><span style=\"color: #ff0000;\"><strong>Sodo mokestis mokomas iki bir\u017eelio 30d.<\/strong><\/span><\/p>\n<p>SB \u201eDobilas\u201c Valdyba<\/p>\n<table>\n<tbody>\n<tr>\n<td width=\"140\"><strong>Vardas Pavard\u0117<\/strong><\/td>\n<td width=\"104\"><strong>Pareigos<\/strong><\/td>\n<td width=\"95\"><strong>Telefono Nr<\/strong><\/td>\n<td width=\"85\"><strong>Adresas sb <\/strong><strong>\u201eDobilas\u201c<\/strong><\/td>\n<td width=\"113\"><strong>Nam\u0173 adresas<\/strong><\/td>\n<td width=\"121\"><strong>Elektroninis pa\u0161tas<\/strong><\/td>\n<\/tr>\n<tr>\n<td width=\"140\"><strong>Darius Narbutas<\/strong><\/td>\n<td width=\"104\"><strong>valdybos pirmininkas<\/strong><\/td>\n<td width=\"95\"><strong>+37064649164<\/strong><\/td>\n<td width=\"85\"><\/td>\n<td width=\"113\"><\/td>\n<td width=\"121\"><span style=\"color: #0000ff;\"><strong>dobilassb@gmail.com<\/strong><\/span><\/td>\n<\/tr>\n<tr>\n<td width=\"140\"><\/td>\n<td width=\"104\"><\/td>\n<td width=\"95\"><\/td>\n<td width=\"85\"><\/td>\n<td width=\"113\"><\/td>\n<td width=\"121\"><\/td>\n<\/tr>\n<tr>\n<td width=\"140\"><\/td>\n<td width=\"104\"><\/td>\n<td width=\"95\"><\/td>\n<td width=\"85\"><\/td>\n<td width=\"113\"><\/td>\n<td width=\"121\"><\/td>\n<\/tr>\n<tr>\n<td width=\"140\"><\/td>\n<td width=\"104\"><\/td>\n<td width=\"95\"><\/td>\n<td width=\"85\"><\/td>\n<td width=\"113\"><\/td>\n<td width=\"121\"><\/td>\n<\/tr>\n<tr>\n<td width=\"140\"><\/td>\n<td width=\"104\"><\/td>\n<td width=\"95\"><\/td>\n<td width=\"85\"><\/td>\n<td width=\"113\"><\/td>\n<td width=\"121\"><\/td>\n<\/tr>\n<tr>\n<td width=\"140\"><strong>Birut\u0117 Kucevi\u010dien\u0117<\/strong><\/td>\n<td width=\"104\"><strong>buhalter\u0117<\/strong><\/td>\n<td width=\"95\"><strong>+37061393919<\/strong><\/td>\n<td width=\"85\"><\/td>\n<td width=\"113\"><\/td>\n<td width=\"121\"><span style=\"color: #0000ff;\"><strong>birutecev@gmail.com<\/strong><\/span><\/td>\n<\/tr>\n<tr>\n<td width=\"140\"><\/td>\n<td width=\"104\"><\/td>\n<td width=\"95\"><\/td>\n<td width=\"85\"><\/td>\n<td width=\"113\"><\/td>\n<td width=\"121\">\u00a0&#8211;<\/td>\n<\/tr>\n<\/tbody>\n<\/table>\n<ul>\n<li>Sodo plotas &#8211; 29 ha<\/li>\n<li>Privatizuota &#8211; 23,6ha<\/li>\n<li>Valstybin\u0117 \u017eem\u0117 su keliais ir grioviais &#8211; 5,4 ha<\/li>\n<li>Keliai sudaro apie 2,96 ha, grioviai 1,46 ha, bendras plotas\u00a04,42 ha.<\/li>\n<li>Laisvas plotas (reakracijai) 33,85 aro, i\u0161siperka sodininkai 34,8 aro. Viso:68,65 arai.<\/li>\n<li>33,8 aro sudaro:\n<ul>\n<li>sporto aik\u0161tel\u0117,<\/li>\n<li>vaik\u0173 \u017eaidimo aik\u0161tel\u0117,<\/li>\n<li>susirinkim\u0173 aik\u0161tel\u0117,<\/li>\n<li>parkas nuo pagrindini\u0173 vart\u0173 iki Saul\u0117s g., prie antro bok\u0161to ir\u00a0 Geni\u0173 g. prie\u0161ais\u00a0 90A sklyp\u0105.<\/li>\n<\/ul>\n<\/li>\n<\/ul>\n<p>Lieka nei\u0161pirkta valstybin\u0117 \u017eem\u0117 tarp sklyp\u0173 276, 192, 190, 189, 180, 181, 182, 183.<br \/>\nTai sudaro 9a.<\/p>\n<h3>2014 m daviniai:<\/h3>\n<ul>\n<li>Sklypo plotas 318559 m2 (32ha)<\/li>\n<li>Bendrijos bendrojo naudojimo \u017eem\u0117s plotas, 1,90 ha (18974m2) ( sklypai A-1,A-2&#8230;&#8230;A-18)<\/li>\n<li>Keliai 2,96 ha<\/li>\n<li>14826 m2(1,4 ha 82 arai) privatizuota (privatizavo 44 \u017eem\u0117s sklyp\u0173 savininkai).<\/li>\n<\/ul>\n","protected":false},"excerpt":{"rendered":"<p>Pagrindin\u0117s \u017einios apie SB: Sodo mokestis mokomas iki bir\u017eelio 30d. SB \u201eDobilas\u201c Valdyba Vardas Pavard\u0117 Pareigos Telefono Nr Adresas sb \u201eDobilas\u201c Nam\u0173 adresas Elektroninis pa\u0161tas Darius Narbutas valdybos pirmininkas +37064649164 dobilassb@gmail.com Birut\u0117 Kucevi\u010dien\u0117 buhalter\u0117 +37061393919 birutecev@gmail.com \u00a0&#8211; Sodo plotas &#8211;<\/p>\n","protected":false},"author":3,"featured_media":0,"parent":0,"menu_order":0,"comment_status":"closed","ping_status":"closed","template":"","meta":[],"_links":{"self":[{"href":"http:\/\/sbdobilas.eu\/index.php?rest_route=\/wp\/v2\/pages\/7"}],"collection":[{"href":"http:\/\/sbdobilas.eu\/index.php?rest_route=\/wp\/v2\/pages"}],"about":[{"href":"http:\/\/sbdobilas.eu\/index.php?rest_route=\/wp\/v2\/types\/page"}],"author":[{"embeddable":true,"href":"http:\/\/sbdobilas.eu\/index.php?rest_route=\/wp\/v2\/users\/3"}],"replies":[{"embeddable":true,"href":"http:\/\/sbdobilas.eu\/index.php?rest_route=%2Fwp%2Fv2%2Fcomments&post=7"}],"version-history":[{"count":24,"href":"http:\/\/sbdobilas.eu\/index.php?rest_route=\/wp\/v2\/pages\/7\/revisions"}],"predecessor-version":[{"id":911,"href":"http:\/\/sbdobilas.eu\/index.php?rest_route=\/wp\/v2\/pages\/7\/revisions\/911"}],"wp:attachment":[{"href":"http:\/\/sbdobilas.eu\/index.php?rest_route=%2Fwp%2Fv2%2Fmedia&parent=7"}],"curies":[{"name":"wp","href":"https:\/\/api.w.org\/{rel}","templated":true}]}}