{"id":65,"date":"2015-12-18T19:45:57","date_gmt":"2015-12-18T21:45:57","guid":{"rendered":"http:\/\/www.sbdobilas.eu\/?page_id=65"},"modified":"2026-05-09T04:32:06","modified_gmt":"2026-05-09T06:32:06","slug":"valdybos-nutarimai","status":"publish","type":"page","link":"http:\/\/sbdobilas.eu\/?page_id=65","title":{"rendered":"SB \u201eDobilas\u201c susirinkimas"},"content":{"rendered":"\n<p class=\"has-text-align-center has-large-font-size\"><strong><em>Prane\u0161imas<\/em><\/strong><\/p>\n\n\n\n<p class=\"has-text-align-center has-large-font-size\"><strong><em>SB \u201cDOBILAS\u201d NARI\u0172 D\u0116MESIUI !!!<\/em><\/strong><\/p>\n\n\n\n<p class=\"has-text-align-center has-medium-font-size\"><em>KASMETINIS SODININK\u0172 BENDRIJOS NARI\u0172 ATASKAITINIS RINKIMINIS SUSIRINKIMAS<\/em><\/p>\n\n\n\n<p class=\"has-text-align-center has-black-color has-text-color has-medium-font-size\"><strong>2026 gegu\u017e\u0117s 9 d. 13:00 val.<\/strong> SB Dobilas SUSIRINKIM\u0172 AIK\u0160TEL\u0116JE (prie\u0161ais Dobil\u0173 g. 6 sklyp\u0105) \u012eVYKS KASMETINIS SODININK\u0172 BENDRIJOS NARI\u0172 ATASKAITINIS RINKIMINIS SUSIRINKIMAS. Susirinkimui ne\u012fvykus d\u0117l nari\u0173 kvorumo &#8211;<\/p>\n\n\n\n<p class=\"has-text-align-center has-black-color has-text-color has-medium-font-size\"><strong><strong>PAKARTOTINIS visuotinis Bendrijos nari\u0173 ataskaitinis rinkiminis susirinkimas<\/strong> vyks<\/strong><\/p>\n\n\n\n<p class=\"has-text-align-center has-black-color has-text-color has-medium-font-size\">SB Dobilas SUSIRINKIM\u0172 AIK\u0160TEL\u0116JE (prie\u0161ais Dobil\u0173 g. 6 sklyp\u0105),<\/p>\n\n\n\n<p class=\"has-text-align-center has-black-color has-text-color has-medium-font-size\"><strong>2026 GEGU\u017d\u0116S 23 d. 13:00 val. (\u0161e\u0161tadienis)<\/strong><\/p>\n\n\n\n<p class=\"has-black-color has-text-color has-medium-font-size\">          DIENOTVARK\u0116:<\/p>\n\n\n\n<p class=\"has-black-color has-text-color has-medium-font-size\">               1. Valdybos veiklos ataskaita u\u017e 2025 m.  <a rel=\"noreferrer noopener\" href=\"http:\/\/sbdobilas.eu\/wp-content\/uploads\/2026\/04\/2-SB-Dobilas-pajamu-islaidu-samatos-vykdymas-2025m.-1.pdf\" data-type=\"URL\" data-id=\"http:\/\/sbdobilas.eu\/wp-content\/uploads\/2026\/04\/2-SB-Dobilas-pajamu-islaidu-samatos-vykdymas-2025m.-1.pdf\" target=\"_blank\"><em><strong>Dokumentas per\u017ei\u016brai<\/strong><\/em><\/a><a href=\"http:\/\/sbdobilas.eu\/wp-content\/uploads\/2026\/04\/2-SB-Dobilas-pajamu-islaidu-samatos-vykdymas-2025m.-1.pdf\" data-type=\"URL\" data-id=\"http:\/\/sbdobilas.eu\/wp-content\/uploads\/2026\/04\/2-SB-Dobilas-pajamu-islaidu-samatos-vykdymas-2025m.-1.pdf\" target=\"_blank\" rel=\"noreferrer noopener\"><em><strong>.<\/strong><\/em><\/a><\/p>\n\n\n\n<p class=\"has-black-color has-text-color has-medium-font-size\">               2. Revizijos ataskaita u\u017e 2025 m.   <a rel=\"noreferrer noopener\" href=\"http:\/\/sbdobilas.eu\/wp-content\/uploads\/2026\/04\/2-Revizijos-ataskaita-uz-2025m.-2026-01-01-s0424-4.pdf\" data-type=\"URL\" data-id=\"http:\/\/sbdobilas.eu\/wp-content\/uploads\/2026\/04\/2-Revizijos-ataskaita-uz-2025m.-2026-01-01-s0424-4.pdf\" target=\"_blank\"><em><strong>Dokumentas per\u017ei\u016brai.<\/strong><\/em><\/a><\/p>\n\n\n\n<p class=\"has-black-color has-text-color has-medium-font-size\">               3. Pajam\u0173 ir i\u0161laid\u0173 s\u0105matos tvirtinimas 2026 m, bei nario ir vienkartinio infrastrukt\u016bros mokes\u010dio nustatymas 2026m.   <em><strong><a href=\"http:\/\/sbdobilas.eu\/wp-content\/uploads\/2026\/05\/3-SB-Dobilas-pajamu-islaidu-samata-2026-nario-ir-infrast.-mokestis-2.pdf\" target=\"_blank\" rel=\"noreferrer noopener\">Dokumentas per\u017ei\u016brai.<\/a><\/strong><\/em><\/p>\n\n\n\n<p class=\"has-black-color has-text-color has-medium-font-size\">                4. Jeigu bus patvirtintas vienkartinis infrastr\u016bkturos mokestis, jis bus panaudotas bendrijos keli\u0173 gerinimui, bendrijos teritorijos rib\u0173 nustatymui.<\/p>\n\n\n\n<p class=\"has-black-color has-text-color has-medium-font-size\">                5. Bendrijos valdybos nari\u0173 rinkimai. Bendrijos pirmininko rinkimai.   <a rel=\"noreferrer noopener\" href=\"http:\/\/sbdobilas.eu\/wp-content\/uploads\/2026\/04\/valdyba.pdf\" target=\"_blank\"><em><strong>Dokumentas per\u017ei\u016brai<\/strong><\/em><\/a><a href=\"http:\/\/sbdobilas.eu\/wp-content\/uploads\/2026\/04\/valdyba.pdf\" target=\"_blank\" rel=\"noreferrer noopener\"><em><strong>.<\/strong><\/em><\/a><\/p>\n\n\n\n<p class=\"has-black-color has-text-color has-medium-font-size\">                6. Bendrijos revizoriaus rinkimai.<\/p>\n\n\n\n<p class=\"has-black-color has-text-color has-medium-font-size\">                7. Svarstymas d\u0117l bendrijos buhalterio.<\/p>\n\n\n\n<p class=\"has-black-color has-text-color has-medium-font-size\">                8. Naujos i\u0161rinktos valdybos tikslai ir projektai bendrijos infrastrukt\u016bros gerinimui.<\/p>\n\n\n\n<p class=\"has-black-color has-text-color has-medium-font-size\">                9. D\u0117l bendrijos vandentiekio.<\/p>\n\n\n\n<p class=\"has-black-color has-text-color has-medium-font-size\">                10. Kiti einamieji klausimai.<\/p>\n\n\n\n<p class=\"has-text-align-center has-black-color has-text-color has-medium-font-size\">Visa informacija susipa\u017einimui yra pateikta http:\/\/sbdobilas.eu\/ interneto svetain\u0117je, bus i\u0161si\u0173sta elektronin\u0117mis ry\u0161io priemon\u0117mis, bus galima susipa\u017einti bendrijos buvein\u0117je, adresas Dobil\u0173 g. 45, Saki\u0161k\u0117s, Vilniaus raj. (vizit\u0105 i\u0161 anksto suderinti galite tel. 064649164)<\/p>\n\n\n\n<p class=\"has-black-color has-text-color has-medium-font-size\">          Susirinkimo dienotvark\u0117 patvirtinta valdyboje.<\/p>\n\n\n\n<p class=\"has-black-color has-text-color has-medium-font-size\">          Kvie\u010diame aktyviai dalyvauti.<\/p>\n\n\n\n<p class=\"has-black-color has-text-color has-medium-font-size\">          SB \u201cDOBILAS\u201d valdyba<\/p>\n\n\n\n<p class=\"has-black-color has-text-color has-medium-font-size\">          2026-04-25 d<\/p>\n\n\n\n<p><\/p>\n","protected":false},"excerpt":{"rendered":"<p>Prane\u0161imas SB \u201cDOBILAS\u201d NARI\u0172 D\u0116MESIUI !!! KASMETINIS SODININK\u0172 BENDRIJOS NARI\u0172 ATASKAITINIS RINKIMINIS SUSIRINKIMAS 2026 gegu\u017e\u0117s 9 d. 13:00 val. SB Dobilas SUSIRINKIM\u0172 AIK\u0160TEL\u0116JE (prie\u0161ais Dobil\u0173 g. 6 sklyp\u0105) \u012eVYKS KASMETINIS SODININK\u0172 BENDRIJOS NARI\u0172 ATASKAITINIS RINKIMINIS SUSIRINKIMAS. Susirinkimui ne\u012fvykus d\u0117l nari\u0173<\/p>\n","protected":false},"author":3,"featured_media":814,"parent":11,"menu_order":0,"comment_status":"closed","ping_status":"closed","template":"","meta":[],"_links":{"self":[{"href":"http:\/\/sbdobilas.eu\/index.php?rest_route=\/wp\/v2\/pages\/65"}],"collection":[{"href":"http:\/\/sbdobilas.eu\/index.php?rest_route=\/wp\/v2\/pages"}],"about":[{"href":"http:\/\/sbdobilas.eu\/index.php?rest_route=\/wp\/v2\/types\/page"}],"author":[{"embeddable":true,"href":"http:\/\/sbdobilas.eu\/index.php?rest_route=\/wp\/v2\/users\/3"}],"replies":[{"embeddable":true,"href":"http:\/\/sbdobilas.eu\/index.php?rest_route=%2Fwp%2Fv2%2Fcomments&post=65"}],"version-history":[{"count":53,"href":"http:\/\/sbdobilas.eu\/index.php?rest_route=\/wp\/v2\/pages\/65\/revisions"}],"predecessor-version":[{"id":965,"href":"http:\/\/sbdobilas.eu\/index.php?rest_route=\/wp\/v2\/pages\/65\/revisions\/965"}],"up":[{"embeddable":true,"href":"http:\/\/sbdobilas.eu\/index.php?rest_route=\/wp\/v2\/pages\/11"}],"wp:featuredmedia":[{"embeddable":true,"href":"http:\/\/sbdobilas.eu\/index.php?rest_route=\/wp\/v2\/media\/814"}],"wp:attachment":[{"href":"http:\/\/sbdobilas.eu\/index.php?rest_route=%2Fwp%2Fv2%2Fmedia&parent=65"}],"curies":[{"name":"wp","href":"https:\/\/api.w.org\/{rel}","templated":true}]}}