{"id":4,"date":"2015-12-12T19:13:53","date_gmt":"2015-12-12T21:13:53","guid":{"rendered":"http:\/\/www.sbdobilas.eu\/?page_id=4"},"modified":"2024-12-02T08:32:12","modified_gmt":"2024-12-02T10:32:12","slug":"istorija","status":"publish","type":"page","link":"http:\/\/sbdobilas.eu\/?page_id=4","title":{"rendered":"Istorija"},"content":{"rendered":"<ul>\n<li>\n<h2><span style=\"color: #0000ff;\"><strong>2025 m. <\/strong><strong>SB \u201eDobilas\u201c min\u0117s 45 -met\u012f.<\/strong><\/span><\/h2>\n<\/li>\n<\/ul>\n<p>SB \u201eDobilas\u201c \u012fkurtas \u00a01979m.Vilniaus KMK (kaimo mechanizuota kolona) kolektyvo iniciatyva, vadovaujant tuometiniam vir\u0161ininkui Vytautui Radvilai.<\/p>\n<p>Pirmasis SB \u201eDobilas \u201c pirmininkas buvo i\u0161rinktas KMK\u00a0 vyr. darb\u0173 vykdytojas\u00a0\u00a0 Alfonsas Cikanavi\u010dius. Jam vadovaujant buvo padarytas kolektyvinio sodo \u201eDobilas\u201c sklypo\u00a0generalinis planas, sudaryti sklypai, numatytos gatv\u0117s, keliai, priva\u017eiavimai, reakracin\u0117s zonos, ma\u0161in\u0173 stov\u0117jimo aik\u0161tel\u0117s, numatytos vietos \u0161iuk\u0161liad\u0117\u017e\u0117ms\u00a0. Jam vadovaujant buvo aptverta sodinink\u0173 bendrijos teritorijos tvora. Prad\u0117tas elektrifikuoti ir montuoti po\u017eeminis\u00a0vasaros vandentiekis. 1980-1981m. sodininkai prad\u0117jo statyti kolektyviniams sodams suprojektuotus namelius.<\/p>\n<p>Dauguma \u017emoni\u0173 , \u012fsigij\u0119 \u017eem\u0117s sklypus ,buvo kil\u0119\u00a0\u00a0i\u0161 kaimo, juos visus trauk\u0117 noras\u00a0tur\u0117ti savo dar\u017eel\u012f, kr\u016bmel\u012f ir medel\u012f,\u00a0\u00a0tod\u0117l netrukus sklypai tapo \u017eydin\u010di\u0173\u00a0g\u0117li\u0173, \u017ealiuojan\u010di\u0173 med\u017ei\u0173 ir dar\u017e\u0173 pasaka. Dauguma \u017emoni\u0173 buvo jauni, dirbdavo negail\u0117dami savo\u00a0 sveikatos ir laiko ,toks buvo did\u017eiulis noras tur\u0117ti savo nuosav\u0105 kampel\u012f\u00a0 medel\u012f, g\u0117lel\u0119 dar\u017eov\u0119 ir nuosav\u0105 namel\u012f.<\/p>\n<p>1980 m. SB pirmininku buvo M. Gaurylius, kuris taip pat labai r\u016bpinosi SB tvarka, gerbuviu, organizavo pagrindin\u0117s Dobil\u0173 gatv\u0117s asfaltavim\u0105. Dauguma \u017emoni\u0173 \u00a0savo sklypelius\u00a0 savo darbu ir\u00a0vaizduot\u0117 padar\u0117 gra\u017eiais paveikslais ne tik sau pasid\u017eiaugti bet ir kitiems parodyti. Sodas\u00a0 vis gra\u017e\u0117jo ir tapo vienu i\u0161 gra\u017eiausi\u0173 sod\u0173 Vilniaus rajone.Vasaros kurortus Palang\u0105, Druskininkus\u00a0nukonkuravo aktyvus ,sveikas ir naudingas darbas ir poilsis gar\u017eioje savo sodo aplinkoje.Malonu budavo \u017ei\u016br\u0117ti kaip dirba visa \u0161eima ,an\u016bkai, vaikai ,t\u0117vai ,seneliai. \u0160e\u0161tadieniais vakarais po darbo\u00a0ka\u017ekur tylumoje pasigirsdavo\u00a0gra\u017e\u016bs dain\u0173 garsai\u00a0 pritariant \u00a0armonikai . Sekmadienis jau lengvesnis ,vis daugiau \u017emoni\u0173 i\u0161eidavo pasivaik\u0161ioti , pasigro\u017e\u0117ti gamta. pas\u017ei\u016br\u0117ti kaip kiti tvarkosi, pasikalb\u0117ti su kaimynais, pasdalinti, pasikesti savo darbais ir r\u016bpes\u010diais.<\/p>\n<hr \/>\n<p>198&#8230;\u00a0 m. SB pirmininku\u00a0 buvo i\u0161rinktas Saulius Pauk\u0161t\u0117<\/p>\n<hr \/>\n<p>199&#8230;.m. SB pirmininku buvo i\u0161rinkta<\/p>\n<hr \/>\n<p>2001m .SB pirmininku i\u0161rinktas Ginutis \u00a0Taurinskas<\/p>\n<hr \/>\n<p>2012m. SB pirmininku i\u0161rinktas Vytautas Rosinas<\/p>\n<hr \/>\n<p>2023m. SB valdybos pirmininku i\u0161rinktas Darius Narbutas<\/p>\n<h4>Svarbiausi \u012fvykiai,\u00a0apdovanojimai!<\/h4>\n<p>&#8230;&#8230;&#8230;&#8230;&#8230;&#8230;&#8230;&#8230;&#8230;&#8230;&#8230;&#8230;&#8230;&#8230;&#8230;&#8230;&#8230;&#8230;&#8230;..<\/p>\n","protected":false},"excerpt":{"rendered":"<p>2025 m. SB \u201eDobilas\u201c min\u0117s 45 -met\u012f. SB \u201eDobilas\u201c \u012fkurtas \u00a01979m.Vilniaus KMK (kaimo mechanizuota kolona) kolektyvo iniciatyva, vadovaujant tuometiniam vir\u0161ininkui Vytautui Radvilai. Pirmasis SB \u201eDobilas \u201c pirmininkas buvo i\u0161rinktas KMK\u00a0 vyr. darb\u0173 vykdytojas\u00a0\u00a0 Alfonsas Cikanavi\u010dius. Jam vadovaujant buvo padarytas kolektyvinio<\/p>\n","protected":false},"author":3,"featured_media":0,"parent":0,"menu_order":0,"comment_status":"closed","ping_status":"closed","template":"","meta":[],"_links":{"self":[{"href":"http:\/\/sbdobilas.eu\/index.php?rest_route=\/wp\/v2\/pages\/4"}],"collection":[{"href":"http:\/\/sbdobilas.eu\/index.php?rest_route=\/wp\/v2\/pages"}],"about":[{"href":"http:\/\/sbdobilas.eu\/index.php?rest_route=\/wp\/v2\/types\/page"}],"author":[{"embeddable":true,"href":"http:\/\/sbdobilas.eu\/index.php?rest_route=\/wp\/v2\/users\/3"}],"replies":[{"embeddable":true,"href":"http:\/\/sbdobilas.eu\/index.php?rest_route=%2Fwp%2Fv2%2Fcomments&post=4"}],"version-history":[{"count":13,"href":"http:\/\/sbdobilas.eu\/index.php?rest_route=\/wp\/v2\/pages\/4\/revisions"}],"predecessor-version":[{"id":757,"href":"http:\/\/sbdobilas.eu\/index.php?rest_route=\/wp\/v2\/pages\/4\/revisions\/757"}],"wp:attachment":[{"href":"http:\/\/sbdobilas.eu\/index.php?rest_route=%2Fwp%2Fv2%2Fmedia&parent=4"}],"curies":[{"name":"wp","href":"https:\/\/api.w.org\/{rel}","templated":true}]}}