{"id":38,"date":"2015-12-13T10:41:32","date_gmt":"2015-12-13T12:41:32","guid":{"rendered":"http:\/\/www.sbdobilas.eu\/?page_id=38"},"modified":"2021-12-23T19:14:36","modified_gmt":"2021-12-23T21:14:36","slug":"pradzia","status":"publish","type":"page","link":"http:\/\/sbdobilas.eu\/","title":{"rendered":"Prad\u017eia"},"content":{"rendered":"\n<figure class=\"wp-block-image size-large\"><img loading=\"lazy\" width=\"1024\" height=\"681\" src=\"http:\/\/sbdobilas.eu\/wp-content\/uploads\/2021\/12\/image-1024x681.png\" alt=\"\" class=\"wp-image-591\" srcset=\"http:\/\/sbdobilas.eu\/wp-content\/uploads\/2021\/12\/image-1024x681.png 1024w, http:\/\/sbdobilas.eu\/wp-content\/uploads\/2021\/12\/image-300x200.png 300w, http:\/\/sbdobilas.eu\/wp-content\/uploads\/2021\/12\/image-768x511.png 768w, http:\/\/sbdobilas.eu\/wp-content\/uploads\/2021\/12\/image.png 1039w\" sizes=\"(max-width: 1024px) 100vw, 1024px\" \/><\/figure>\n\n\n\n<p><strong>GERBIAMI&nbsp; SODININKAI !<br><\/strong><\/p>\n\n\n\n<p><strong>Sodinink\u0173 bendrija \u201cDobilas\u201d<\/strong>&nbsp;\u012e\/K&nbsp;<strong>291472240<\/strong>&nbsp;nuo 2015 m. turi GPM paramos gav\u0117jo status\u0105.<\/p>\n\n\n\n<p>Sodinink\u0173 bendrijos valdyba pra\u0161o J\u016bs\u0173 savo&nbsp;&nbsp;<strong>GPM 1,2%<\/strong>&nbsp;&nbsp;<strong>skirti&nbsp;<\/strong>pervesti&nbsp;\u012f m\u016bs\u0173 SB s\u0105skait\u0105 Nr.&nbsp;LT827300010002447927&nbsp;Gautos l\u0117\u0161os bus panaudotos&nbsp;SB gerb\u016bviui (keli\u0173 remontui,gatvi\u0173 ap\u0161vietimui ir aplinkos tvarkymui). Form\u0105 FR0512 rasite VMI Elektroninio deklaravimo sistemoje ir u\u017epildyti j\u0105 portale u\u017etruksite vos 5 min.&nbsp; Tai padaryti reikia iki 2021m.gegu\u017e\u0117s 3 d. B\u016bsime labai d\u0117kingi,<\/p>\n\n\n\n<p>\u0160iais metais GPM dalies skyrimo paramai terminas -2021m.gegu\u017e\u0117s 3 d.<\/p>\n","protected":false},"excerpt":{"rendered":"<p>GERBIAMI&nbsp; SODININKAI ! Sodinink\u0173 bendrija \u201cDobilas\u201d&nbsp;\u012e\/K&nbsp;291472240&nbsp;nuo 2015 m. turi GPM paramos gav\u0117jo status\u0105. Sodinink\u0173 bendrijos valdyba pra\u0161o J\u016bs\u0173 savo&nbsp;&nbsp;GPM 1,2%&nbsp;&nbsp;skirti&nbsp;pervesti&nbsp;\u012f m\u016bs\u0173 SB s\u0105skait\u0105 Nr.&nbsp;LT827300010002447927&nbsp;Gautos l\u0117\u0161os bus panaudotos&nbsp;SB gerb\u016bviui (keli\u0173 remontui,gatvi\u0173 ap\u0161vietimui ir aplinkos tvarkymui). Form\u0105 FR0512 rasite VMI Elektroninio deklaravimo<\/p>\n","protected":false},"author":3,"featured_media":0,"parent":0,"menu_order":0,"comment_status":"closed","ping_status":"closed","template":"page-templates\/business.php","meta":[],"_links":{"self":[{"href":"http:\/\/sbdobilas.eu\/index.php?rest_route=\/wp\/v2\/pages\/38"}],"collection":[{"href":"http:\/\/sbdobilas.eu\/index.php?rest_route=\/wp\/v2\/pages"}],"about":[{"href":"http:\/\/sbdobilas.eu\/index.php?rest_route=\/wp\/v2\/types\/page"}],"author":[{"embeddable":true,"href":"http:\/\/sbdobilas.eu\/index.php?rest_route=\/wp\/v2\/users\/3"}],"replies":[{"embeddable":true,"href":"http:\/\/sbdobilas.eu\/index.php?rest_route=%2Fwp%2Fv2%2Fcomments&post=38"}],"version-history":[{"count":3,"href":"http:\/\/sbdobilas.eu\/index.php?rest_route=\/wp\/v2\/pages\/38\/revisions"}],"predecessor-version":[{"id":592,"href":"http:\/\/sbdobilas.eu\/index.php?rest_route=\/wp\/v2\/pages\/38\/revisions\/592"}],"wp:attachment":[{"href":"http:\/\/sbdobilas.eu\/index.php?rest_route=%2Fwp%2Fv2%2Fmedia&parent=38"}],"curies":[{"name":"wp","href":"https:\/\/api.w.org\/{rel}","templated":true}]}}