{"id":33,"date":"2015-12-12T20:08:11","date_gmt":"2015-12-12T22:08:11","guid":{"rendered":"http:\/\/www.sbdobilas.eu\/?page_id=33"},"modified":"2015-12-24T18:35:20","modified_gmt":"2015-12-24T20:35:20","slug":"gatves","status":"publish","type":"page","link":"http:\/\/sbdobilas.eu\/?page_id=33","title":{"rendered":"Gatv\u0117s"},"content":{"rendered":"<p>Paspauskite gatv\u0117s pavadinim\u0105, kad pamatytum\u0117te jos viet\u0105 \u017eem\u0117lapyje:<\/p>\n<ul>\n<li><a href=\"http:\/\/maps.lt\/map\/default.aspx?lang=lt#q=debesijos%20g.,%20vilniaus%20r.\" target=\"_blank\">Debesijos<\/a>,<\/li>\n<li><a href=\"http:\/\/maps.lt\/map\/default.aspx?lang=lt#q=dobilu%20g.,%20vilniaus%20r.,%20sakiskes\" target=\"_blank\">Dobil\u0173<\/a>,<\/li>\n<li><a href=\"http:\/\/maps.lt\/map\/default.aspx?lang=lt#q=geniu%20g.,%20vilniaus%20r.\" target=\"_blank\">Geni\u0173<\/a>,<\/li>\n<li><a href=\"http:\/\/maps.lt\/map\/default.aspx?lang=lt#q=kranto%20g.,%20vilniaus%20r.,%20sakiskes\" target=\"_blank\">Kranto<\/a>,<\/li>\n<li><a href=\"http:\/\/maps.lt\/map\/default.aspx?lang=lt#q=lakstingalu%20g.,%20vilniaus%20r.,%20sakiskes\" target=\"_blank\">Lak\u0161tingal\u0173<\/a>,<\/li>\n<li><a href=\"http:\/\/maps.lt\/map\/default.aspx?lang=lt#q=meletu g., vilniaus r., sakiskes\" target=\"_blank\">Melet\u0173<\/a>,<\/li>\n<li><a href=\"http:\/\/maps.lt\/map\/default.aspx?lang=lt#q=menulio g., vilniaus r., sakiskes\" target=\"_blank\">M\u0117nulio<\/a>,<\/li>\n<li><a href=\"http:\/\/maps.lt\/map\/default.aspx?lang=lt#q=miglos g., vilniaus r., sakiskes\" target=\"_blank\">Miglos<\/a>,<\/li>\n<li><a href=\"http:\/\/maps.lt\/map\/default.aspx?lang=lt#q=misko g., vilniaus r., sakiskes\" target=\"_blank\">Mi\u0161ko<\/a>,<\/li>\n<li><a href=\"http:\/\/maps.lt\/map\/default.aspx?lang=lt#q=pasakiskiu g., vilniaus r., sakiskes\" target=\"_blank\">Pasaki\u0161ki\u0173<\/a>,<\/li>\n<li><a href=\"http:\/\/maps.lt\/map\/default.aspx?lang=lt#q=pusu g., vilniaus r., sakiskes\" target=\"_blank\">Pu\u0161\u0173<\/a>,<\/li>\n<li><a href=\"http:\/\/maps.lt\/map\/default.aspx?lang=lt#q=saules g., vilniaus r., sakiskes\" target=\"_blank\">Saul\u0117s<\/a>,<\/li>\n<li><a href=\"http:\/\/maps.lt\/map\/default.aspx?lang=lt#q=silo g., vilniaus r., sakiskes\" target=\"_blank\">\u0160ilo<\/a>,<\/li>\n<li><a href=\"http:\/\/maps.lt\/map\/default.aspx?lang=lt#q=volunges g., vilniaus r., sakiskes\" target=\"_blank\">Volung\u0117s<\/a>,<\/li>\n<li><a href=\"http:\/\/maps.lt\/map\/default.aspx?lang=lt#q=vingriu g., vilniaus r., sakiskes\" target=\"_blank\">Vingri\u0173<\/a>,<\/li>\n<li><a href=\"http:\/\/maps.lt\/map\/default.aspx?lang=lt#q=zilviciu g., vilniaus r., sakiskes\" target=\"_blank\">\u017dilvi\u010di\u0173<\/a>.<\/li>\n<\/ul>\n","protected":false},"excerpt":{"rendered":"<p>Paspauskite gatv\u0117s pavadinim\u0105, kad pamatytum\u0117te jos viet\u0105 \u017eem\u0117lapyje: Debesijos, Dobil\u0173, Geni\u0173, Kranto, Lak\u0161tingal\u0173, Melet\u0173, M\u0117nulio, Miglos, Mi\u0161ko, Pasaki\u0161ki\u0173, Pu\u0161\u0173, Saul\u0117s, \u0160ilo, Volung\u0117s, Vingri\u0173, \u017dilvi\u010di\u0173.<\/p>\n","protected":false},"author":3,"featured_media":0,"parent":9,"menu_order":0,"comment_status":"closed","ping_status":"closed","template":"","meta":[],"_links":{"self":[{"href":"http:\/\/sbdobilas.eu\/index.php?rest_route=\/wp\/v2\/pages\/33"}],"collection":[{"href":"http:\/\/sbdobilas.eu\/index.php?rest_route=\/wp\/v2\/pages"}],"about":[{"href":"http:\/\/sbdobilas.eu\/index.php?rest_route=\/wp\/v2\/types\/page"}],"author":[{"embeddable":true,"href":"http:\/\/sbdobilas.eu\/index.php?rest_route=\/wp\/v2\/users\/3"}],"replies":[{"embeddable":true,"href":"http:\/\/sbdobilas.eu\/index.php?rest_route=%2Fwp%2Fv2%2Fcomments&post=33"}],"version-history":[{"count":4,"href":"http:\/\/sbdobilas.eu\/index.php?rest_route=\/wp\/v2\/pages\/33\/revisions"}],"predecessor-version":[{"id":119,"href":"http:\/\/sbdobilas.eu\/index.php?rest_route=\/wp\/v2\/pages\/33\/revisions\/119"}],"up":[{"embeddable":true,"href":"http:\/\/sbdobilas.eu\/index.php?rest_route=\/wp\/v2\/pages\/9"}],"wp:attachment":[{"href":"http:\/\/sbdobilas.eu\/index.php?rest_route=%2Fwp%2Fv2%2Fmedia&parent=33"}],"curies":[{"name":"wp","href":"https:\/\/api.w.org\/{rel}","templated":true}]}}