{"id":212,"date":"2016-02-01T17:55:04","date_gmt":"2016-02-01T19:55:04","guid":{"rendered":"http:\/\/www.sbdobilas.eu\/?page_id=212"},"modified":"2025-06-11T08:08:46","modified_gmt":"2025-06-11T10:08:46","slug":"valdyba","status":"publish","type":"page","link":"http:\/\/sbdobilas.eu\/?page_id=212","title":{"rendered":"Valdyba"},"content":{"rendered":"<p>SB \u201eDobilas\u201c valdybos nariai:<\/p>\n<p><strong>Valdybos pirmininkas &#8211; Darius Narbutas +37064649164; el.p. dobilassb@gmail.com<\/strong><\/p>\n<p><strong>narys &#8211; \u0160ar\u016bnas Stumbrys ;<\/strong><\/p>\n<p><strong>narys &#8211; Ar\u016bnas \u017dalalis;<\/strong><\/p>\n<p><strong>narys &#8211; Gintaras\u00a0 Iselionis;<\/strong><\/p>\n<p><strong>narys &#8211; Mantas Skreb\u0117 ;<\/strong><\/p>\n<p><strong>Buhalter\u0117 &#8211; Birut\u0117\u00a0 Kucevi\u010dien\u0117 +37061393919<\/strong><\/p>\n<p><strong>\u00a0 \u00a0 \u00a0 \u00a0 \u00a0 \u00a0 \u00a0 \u00a0<\/strong><\/p>\n","protected":false},"excerpt":{"rendered":"<p>SB \u201eDobilas\u201c valdybos nariai: Valdybos pirmininkas &#8211; Darius Narbutas +37064649164; el.p. dobilassb@gmail.com narys &#8211; \u0160ar\u016bnas Stumbrys ; narys &#8211; Ar\u016bnas \u017dalalis; narys &#8211; Gintaras\u00a0 Iselionis; narys &#8211; Mantas Skreb\u0117 ; Buhalter\u0117 &#8211; Birut\u0117\u00a0 Kucevi\u010dien\u0117 +37061393919 \u00a0 \u00a0 \u00a0 \u00a0 \u00a0<\/p>\n","protected":false},"author":3,"featured_media":0,"parent":9,"menu_order":0,"comment_status":"closed","ping_status":"closed","template":"","meta":[],"_links":{"self":[{"href":"http:\/\/sbdobilas.eu\/index.php?rest_route=\/wp\/v2\/pages\/212"}],"collection":[{"href":"http:\/\/sbdobilas.eu\/index.php?rest_route=\/wp\/v2\/pages"}],"about":[{"href":"http:\/\/sbdobilas.eu\/index.php?rest_route=\/wp\/v2\/types\/page"}],"author":[{"embeddable":true,"href":"http:\/\/sbdobilas.eu\/index.php?rest_route=\/wp\/v2\/users\/3"}],"replies":[{"embeddable":true,"href":"http:\/\/sbdobilas.eu\/index.php?rest_route=%2Fwp%2Fv2%2Fcomments&post=212"}],"version-history":[{"count":19,"href":"http:\/\/sbdobilas.eu\/index.php?rest_route=\/wp\/v2\/pages\/212\/revisions"}],"predecessor-version":[{"id":851,"href":"http:\/\/sbdobilas.eu\/index.php?rest_route=\/wp\/v2\/pages\/212\/revisions\/851"}],"up":[{"embeddable":true,"href":"http:\/\/sbdobilas.eu\/index.php?rest_route=\/wp\/v2\/pages\/9"}],"wp:attachment":[{"href":"http:\/\/sbdobilas.eu\/index.php?rest_route=%2Fwp%2Fv2%2Fmedia&parent=212"}],"curies":[{"name":"wp","href":"https:\/\/api.w.org\/{rel}","templated":true}]}}